{"id":387,"date":"2022-10-12T15:31:57","date_gmt":"2022-10-12T15:31:57","guid":{"rendered":"https:\/\/startersites.io\/elementor\/wood\/?page_id=387"},"modified":"2024-11-15T14:08:26","modified_gmt":"2024-11-15T13:08:26","slug":"uvod","status":"publish","type":"page","link":"https:\/\/cnc.martinmrazek.com\/","title":{"rendered":"\u00davod"},"content":{"rendered":"\t\t<div data-elementor-type=\"wp-page\" data-elementor-id=\"387\" class=\"elementor elementor-387\">\n\t\t\t\t<div class=\"elementor-element elementor-element-75f3cb1 e-flex e-con-boxed e-con e-parent\" data-id=\"75f3cb1\" data-element_type=\"container\" data-settings=\"{&quot;background_background&quot;:&quot;video&quot;,&quot;background_video_link&quot;:&quot;https:\\\/\\\/video-previews.elements.envatousercontent.com\\\/h264-video-previews\\\/2b5e9296-6956-4fdc-9f7d-df3722050023\\\/20494126.mp4&quot;}\">\n\t\t\t\t\t<div class=\"e-con-inner\">\n\t\t<div class=\"elementor-background-video-container elementor-hidden-mobile\">\n\t\t\t\t\t\t\t<video class=\"elementor-background-video-hosted elementor-html5-video\" autoplay muted playsinline loop><\/video>\n\t\t\t\t\t<\/div><div class=\"elementor-element elementor-element-8739d4e e-con-full e-flex e-con e-child\" data-id=\"8739d4e\" data-element_type=\"container\">\n\t\t\t\t<div class=\"elementor-element elementor-element-38b1e88 elementor-widget elementor-widget-heading\" data-id=\"38b1e88\" data-element_type=\"widget\" data-widget_type=\"heading.default\">\n\t\t\t\t<div class=\"elementor-widget-container\">\n\t\t\t<h2 class=\"elementor-heading-title elementor-size-default\">P\u0159esn\u00e9 CNC fr\u00e9zov\u00e1n\u00ed a vrt\u00e1n\u00ed na m\u00edru<\/h2>\t\t<\/div>\n\t\t\t\t<\/div>\n\t\t\t\t<div class=\"elementor-element elementor-element-d884ce9 elementor-widget elementor-widget-text-editor\" data-id=\"d884ce9\" data-element_type=\"widget\" data-widget_type=\"text-editor.default\">\n\t\t\t\t<div class=\"elementor-widget-container\">\n\t\t\t\t\t\t\t<p>P\u0159em\u011b\u0148ujeme va\u0161e n\u00e1vrhy v dokonal\u00e9 d\u0159ev\u011bn\u00e9 komponenty s nejvy\u0161\u0161\u00ed p\u0159esnost\u00ed.<\/p>\t\t\t\t\t\t<\/div>\n\t\t\t\t<\/div>\n\t\t\t\t<div class=\"elementor-element elementor-element-0a4a0e5 elementor-mobile-align-center elementor-widget elementor-widget-button\" data-id=\"0a4a0e5\" data-element_type=\"widget\" data-widget_type=\"button.default\">\n\t\t\t\t<div class=\"elementor-widget-container\">\n\t\t\t\t\t\t\t<div class=\"elementor-button-wrapper\">\n\t\t\t\t\t<a class=\"elementor-button elementor-button-link elementor-size-xl\" href=\"#\">\n\t\t\t\t\t\t<span class=\"elementor-button-content-wrapper\">\n\t\t\t\t\t\t\t\t\t<span class=\"elementor-button-text\">Na\u0161e slu\u017eby<\/span>\n\t\t\t\t\t<\/span>\n\t\t\t\t\t<\/a>\n\t\t\t\t<\/div>\n\t\t\t\t\t\t<\/div>\n\t\t\t\t<\/div>\n\t\t\t\t<\/div>\n\t\t<div class=\"elementor-element elementor-element-7c13626 e-con-full e-flex e-con e-child\" data-id=\"7c13626\" data-element_type=\"container\">\n\t\t\t\t<div class=\"elementor-element elementor-element-cdcd8bb elementor-widget elementor-widget-image\" data-id=\"cdcd8bb\" data-element_type=\"widget\" data-widget_type=\"image.default\">\n\t\t\t\t<div class=\"elementor-widget-container\">\n\t\t\t\t\t\t\t\t\t\t\t\t\t<img fetchpriority=\"high\" decoding=\"async\" width=\"500\" height=\"307\" src=\"https:\/\/cnc.martinmrazek.com\/wp-content\/uploads\/2024\/08\/weeke_cnc-e1724226955388.png\" class=\"attachment-large size-large wp-image-843\" alt=\"\" srcset=\"https:\/\/cnc.martinmrazek.com\/wp-content\/uploads\/2024\/08\/weeke_cnc-e1724226955388.png 500w, https:\/\/cnc.martinmrazek.com\/wp-content\/uploads\/2024\/08\/weeke_cnc-e1724226955388-300x184.png 300w\" sizes=\"(max-width: 500px) 100vw, 500px\" \/>\t\t\t\t\t\t\t\t\t\t\t\t\t<\/div>\n\t\t\t\t<\/div>\n\t\t\t\t<\/div>\n\t\t\t\t\t<\/div>\n\t\t\t\t<\/div>\n\t\t<div class=\"elementor-element elementor-element-5aa4091 e-flex e-con-boxed e-con e-parent\" data-id=\"5aa4091\" data-element_type=\"container\">\n\t\t\t\t\t<div class=\"e-con-inner\">\n\t\t<div class=\"elementor-element elementor-element-1b6a67f e-con-full e-flex e-con e-child\" data-id=\"1b6a67f\" data-element_type=\"container\">\n\t\t\t\t<div class=\"elementor-element elementor-element-1449a5d elementor-widget elementor-widget-text-editor\" data-id=\"1449a5d\" data-element_type=\"widget\" data-widget_type=\"text-editor.default\">\n\t\t\t\t<div class=\"elementor-widget-container\">\n\t\t\t\t\t\t\t<p>&#8222;Jsme t\u00fdm odborn\u00edk\u016f s dlouholet\u00fdmi zku\u0161enostmi v oblasti CNC obr\u00e1b\u011bn\u00ed a truhl\u00e1\u0159stv\u00ed. Na\u0161e d\u00edlna je vybavena nejmodern\u011bj\u0161\u00ed technologi\u00ed, kter\u00e1 n\u00e1m umo\u017e\u0148uje realizovat \u0161irokou \u0161k\u00e1lu projekt\u016f \u2013 od jednoduch\u00fdch zak\u00e1zek po slo\u017eit\u00e9 designov\u00e9 v\u00fdzvy. Na\u0161\u00edm c\u00edlem je v\u017edy dos\u00e1hnout nejvy\u0161\u0161\u00ed kvality a spokojenosti z\u00e1kazn\u00edk\u016f&#8220;<\/p>\t\t\t\t\t\t<\/div>\n\t\t\t\t<\/div>\n\t\t\t\t<\/div>\n\t\t\t\t\t<\/div>\n\t\t\t\t<\/div>\n\t\t<div class=\"elementor-element elementor-element-30458f7 e-flex e-con-boxed e-con e-parent\" data-id=\"30458f7\" data-element_type=\"container\" data-settings=\"{&quot;background_background&quot;:&quot;classic&quot;}\">\n\t\t\t\t\t<div class=\"e-con-inner\">\n\t\t\t\t<div class=\"elementor-element elementor-element-403c615 elementor-widget elementor-widget-heading\" data-id=\"403c615\" data-element_type=\"widget\" data-widget_type=\"heading.default\">\n\t\t\t\t<div class=\"elementor-widget-container\">\n\t\t\t<h2 class=\"elementor-heading-title elementor-size-default\">P\u0159esnost a flexibilita v CNC obr\u00e1b\u011bn\u00ed \u2013 WEEKE Venture 3M pro va\u0161e projekty.<\/h2>\t\t<\/div>\n\t\t\t\t<\/div>\n\t\t\t\t<div class=\"elementor-element elementor-element-116800b elementor-widget elementor-widget-text-editor\" data-id=\"116800b\" data-element_type=\"widget\" data-widget_type=\"text-editor.default\">\n\t\t\t\t<div class=\"elementor-widget-container\">\n\t\t\t\t\t\t\t<p>S na\u0161\u00edm \u0161pi\u010dkov\u00fdm CNC strojem WEEKE Venture 3M v\u00e1m poskytujeme p\u0159esn\u00e9 a flexibiln\u00ed \u0159e\u0161en\u00ed pro va\u0161e projekty. Specializujeme se na zpracov\u00e1n\u00ed d\u0159eva, plast\u016f a dal\u0161\u00edch materi\u00e1l\u016f s d\u016frazem na detail a kvalitu. A\u0165 u\u017e jde o v\u00fdrobu n\u00e1bytku na m\u00edru, opravy nebo tvorbu komplexn\u00edch komponent\u016f, jsme tu, abychom va\u0161e n\u00e1pady prom\u011bnili v realitu.<\/p>\t\t\t\t\t\t<\/div>\n\t\t\t\t<\/div>\n\t\t\t\t\t<\/div>\n\t\t\t\t<\/div>\n\t\t<div class=\"elementor-element elementor-element-c0daea9 e-flex e-con-boxed e-con e-parent\" data-id=\"c0daea9\" data-element_type=\"container\" data-settings=\"{&quot;background_background&quot;:&quot;classic&quot;}\">\n\t\t\t\t\t<div class=\"e-con-inner\">\n\t\t<div class=\"elementor-element elementor-element-463f3db e-flex e-con-boxed e-con e-child\" data-id=\"463f3db\" data-element_type=\"container\">\n\t\t\t\t\t<div class=\"e-con-inner\">\n\t\t\t\t<div class=\"elementor-element elementor-element-8bccaea elementor-widget elementor-widget-heading\" data-id=\"8bccaea\" data-element_type=\"widget\" data-widget_type=\"heading.default\">\n\t\t\t\t<div class=\"elementor-widget-container\">\n\t\t\t<h2 class=\"elementor-heading-title elementor-size-default\">Na\u0161e slu\u017eby<\/h2>\t\t<\/div>\n\t\t\t\t<\/div>\n\t\t\t\t<div class=\"elementor-element elementor-element-642615c elementor-widget elementor-widget-text-editor\" data-id=\"642615c\" data-element_type=\"widget\" data-widget_type=\"text-editor.default\">\n\t\t\t\t<div class=\"elementor-widget-container\">\n\t\t\t\t\t\t\t<p>Vyberte si slu\u017ebu, kter\u00e1 nejl\u00e9pe odpov\u00edd\u00e1 va\u0161im pot\u0159eb\u00e1m, nebo n\u00e1s kontaktujte pro individu\u00e1ln\u00ed \u0159e\u0161en\u00ed.<\/p>\t\t\t\t\t\t<\/div>\n\t\t\t\t<\/div>\n\t\t\t\t\t<\/div>\n\t\t\t\t<\/div>\n\t\t<div class=\"elementor-element elementor-element-f5af9f2 e-flex e-con-boxed e-con e-child\" data-id=\"f5af9f2\" data-element_type=\"container\">\n\t\t\t\t\t<div class=\"e-con-inner\">\n\t\t<div class=\"elementor-element elementor-element-e583af6 e-flex e-con-boxed e-con e-child\" data-id=\"e583af6\" data-element_type=\"container\" data-settings=\"{&quot;background_background&quot;:&quot;classic&quot;}\">\n\t\t\t\t\t<div class=\"e-con-inner\">\n\t\t\t\t<div class=\"elementor-element elementor-element-7ea278f elementor-widget elementor-widget-heading\" data-id=\"7ea278f\" data-element_type=\"widget\" data-widget_type=\"heading.default\">\n\t\t\t\t<div class=\"elementor-widget-container\">\n\t\t\t<h2 class=\"elementor-heading-title elementor-size-default\">01<\/h2>\t\t<\/div>\n\t\t\t\t<\/div>\n\t\t\t\t<div class=\"elementor-element elementor-element-db36a67 elementor-widget elementor-widget-heading\" data-id=\"db36a67\" data-element_type=\"widget\" data-widget_type=\"heading.default\">\n\t\t\t\t<div class=\"elementor-widget-container\">\n\t\t\t<h3 class=\"elementor-heading-title elementor-size-default\">Fr\u00e9zov\u00e1n\u00ed n\u00e1bytku<\/h3>\t\t<\/div>\n\t\t\t\t<\/div>\n\t\t\t\t\t<\/div>\n\t\t\t\t<\/div>\n\t\t<div class=\"elementor-element elementor-element-93b83ac e-flex e-con-boxed e-con e-child\" data-id=\"93b83ac\" data-element_type=\"container\" data-settings=\"{&quot;background_background&quot;:&quot;classic&quot;}\">\n\t\t\t\t\t<div class=\"e-con-inner\">\n\t\t\t\t<div class=\"elementor-element elementor-element-a55e76b elementor-widget elementor-widget-heading\" data-id=\"a55e76b\" data-element_type=\"widget\" data-widget_type=\"heading.default\">\n\t\t\t\t<div class=\"elementor-widget-container\">\n\t\t\t<h2 class=\"elementor-heading-title elementor-size-default\">02<\/h2>\t\t<\/div>\n\t\t\t\t<\/div>\n\t\t\t\t<div class=\"elementor-element elementor-element-6bd30e0 elementor-widget elementor-widget-heading\" data-id=\"6bd30e0\" data-element_type=\"widget\" data-widget_type=\"heading.default\">\n\t\t\t\t<div class=\"elementor-widget-container\">\n\t\t\t<h3 class=\"elementor-heading-title elementor-size-default\">V\u00fdroba <br>schod\u016f<\/h3>\t\t<\/div>\n\t\t\t\t<\/div>\n\t\t\t\t\t<\/div>\n\t\t\t\t<\/div>\n\t\t<div class=\"elementor-element elementor-element-0443abf e-flex e-con-boxed e-con e-child\" data-id=\"0443abf\" data-element_type=\"container\" data-settings=\"{&quot;background_background&quot;:&quot;classic&quot;}\">\n\t\t\t\t\t<div class=\"e-con-inner\">\n\t\t\t\t<div class=\"elementor-element elementor-element-2fd01a7 elementor-widget elementor-widget-heading\" data-id=\"2fd01a7\" data-element_type=\"widget\" data-widget_type=\"heading.default\">\n\t\t\t\t<div class=\"elementor-widget-container\">\n\t\t\t<h2 class=\"elementor-heading-title elementor-size-default\">03<\/h2>\t\t<\/div>\n\t\t\t\t<\/div>\n\t\t\t\t<div class=\"elementor-element elementor-element-9e2f722 elementor-widget elementor-widget-heading\" data-id=\"9e2f722\" data-element_type=\"widget\" data-widget_type=\"heading.default\">\n\t\t\t\t<div class=\"elementor-widget-container\">\n\t\t\t<h3 class=\"elementor-heading-title elementor-size-default\">Okna <br>a dve\u0159e<\/h3>\t\t<\/div>\n\t\t\t\t<\/div>\n\t\t\t\t\t<\/div>\n\t\t\t\t<\/div>\n\t\t\t\t\t<\/div>\n\t\t\t\t<\/div>\n\t\t<div class=\"elementor-element elementor-element-ac95716 e-con-full e-flex e-con e-child\" data-id=\"ac95716\" data-element_type=\"container\">\n\t\t<div class=\"elementor-element elementor-element-e5028e5 e-flex e-con-boxed e-con e-child\" data-id=\"e5028e5\" data-element_type=\"container\" data-settings=\"{&quot;background_background&quot;:&quot;classic&quot;}\">\n\t\t\t\t\t<div class=\"e-con-inner\">\n\t\t\t\t<div class=\"elementor-element elementor-element-c623b45 elementor-widget elementor-widget-heading\" data-id=\"c623b45\" data-element_type=\"widget\" data-widget_type=\"heading.default\">\n\t\t\t\t<div class=\"elementor-widget-container\">\n\t\t\t<h2 class=\"elementor-heading-title elementor-size-default\">04<\/h2>\t\t<\/div>\n\t\t\t\t<\/div>\n\t\t\t\t<div class=\"elementor-element elementor-element-e819419 elementor-widget elementor-widget-heading\" data-id=\"e819419\" data-element_type=\"widget\" data-widget_type=\"heading.default\">\n\t\t\t\t<div class=\"elementor-widget-container\">\n\t\t\t<h3 class=\"elementor-heading-title elementor-size-default\">P\u0159esn\u00e1 v\u00fdroba komponent<\/h3>\t\t<\/div>\n\t\t\t\t<\/div>\n\t\t\t\t\t<\/div>\n\t\t\t\t<\/div>\n\t\t<div class=\"elementor-element elementor-element-801f476 e-flex e-con-boxed e-con e-child\" data-id=\"801f476\" data-element_type=\"container\" data-settings=\"{&quot;background_background&quot;:&quot;classic&quot;}\">\n\t\t\t\t\t<div class=\"e-con-inner\">\n\t\t\t\t<div class=\"elementor-element elementor-element-c41c7ba elementor-widget elementor-widget-heading\" data-id=\"c41c7ba\" data-element_type=\"widget\" data-widget_type=\"heading.default\">\n\t\t\t\t<div class=\"elementor-widget-container\">\n\t\t\t<h2 class=\"elementor-heading-title elementor-size-default\">05<\/h2>\t\t<\/div>\n\t\t\t\t<\/div>\n\t\t\t\t<div class=\"elementor-element elementor-element-0929f4b elementor-widget elementor-widget-heading\" data-id=\"0929f4b\" data-element_type=\"widget\" data-widget_type=\"heading.default\">\n\t\t\t\t<div class=\"elementor-widget-container\">\n\t\t\t<h3 class=\"elementor-heading-title elementor-size-default\">Projektov\u00e1n\u00ed v 3D Solid<\/h3>\t\t<\/div>\n\t\t\t\t<\/div>\n\t\t\t\t\t<\/div>\n\t\t\t\t<\/div>\n\t\t<div class=\"elementor-element elementor-element-31e54e8 e-flex e-con-boxed e-con e-child\" data-id=\"31e54e8\" data-element_type=\"container\" data-settings=\"{&quot;background_background&quot;:&quot;classic&quot;}\">\n\t\t\t\t\t<div class=\"e-con-inner\">\n\t\t\t\t<div class=\"elementor-element elementor-element-ba08921 elementor-widget elementor-widget-heading\" data-id=\"ba08921\" data-element_type=\"widget\" data-widget_type=\"heading.default\">\n\t\t\t\t<div class=\"elementor-widget-container\">\n\t\t\t<h2 class=\"elementor-heading-title elementor-size-default\">06<\/h2>\t\t<\/div>\n\t\t\t\t<\/div>\n\t\t\t\t<div class=\"elementor-element elementor-element-7b4297b elementor-widget elementor-widget-heading\" data-id=\"7b4297b\" data-element_type=\"widget\" data-widget_type=\"heading.default\">\n\t\t\t\t<div class=\"elementor-widget-container\">\n\t\t\t<h3 class=\"elementor-heading-title elementor-size-default\">Mont\u00e1\u017e, sestaven\u00ed<\/h3>\t\t<\/div>\n\t\t\t\t<\/div>\n\t\t\t\t\t<\/div>\n\t\t\t\t<\/div>\n\t\t\t\t<\/div>\n\t\t\t\t\t<\/div>\n\t\t\t\t<\/div>\n\t\t<div class=\"elementor-element elementor-element-027ec07 e-flex e-con-boxed e-con e-parent\" data-id=\"027ec07\" data-element_type=\"container\" data-settings=\"{&quot;background_background&quot;:&quot;video&quot;,&quot;background_video_link&quot;:&quot;https:\\\/\\\/video-previews.elements.envatousercontent.com\\\/h264-video-previews\\\/2b5e9296-6956-4fdc-9f7d-df3722050023\\\/20494126.mp4&quot;}\">\n\t\t\t\t\t<div class=\"e-con-inner\">\n\t\t<div class=\"elementor-background-video-container elementor-hidden-mobile\">\n\t\t\t\t\t\t\t<video class=\"elementor-background-video-hosted elementor-html5-video\" autoplay muted playsinline loop><\/video>\n\t\t\t\t\t<\/div>\t\t<div class=\"elementor-element elementor-element-dcb4c0f elementor-widget elementor-widget-heading\" data-id=\"dcb4c0f\" data-element_type=\"widget\" data-widget_type=\"heading.default\">\n\t\t\t\t<div class=\"elementor-widget-container\">\n\t\t\t<h2 class=\"elementor-heading-title elementor-size-default\">Kontaktujte n\u00e1s<\/h2>\t\t<\/div>\n\t\t\t\t<\/div>\n\t\t\t\t<div class=\"elementor-element elementor-element-f074ee2 elementor-widget elementor-widget-text-editor\" data-id=\"f074ee2\" data-element_type=\"widget\" data-widget_type=\"text-editor.default\">\n\t\t\t\t<div class=\"elementor-widget-container\">\n\t\t\t\t\t\t\t<p>\u201eM\u00e1te projekt, kter\u00fd by pot\u0159eboval p\u0159esn\u00e9 CNC obr\u00e1b\u011bn\u00ed? Kontaktujte n\u00e1s je\u0161t\u011b dnes a domluvte si konzultaci. Pom\u016f\u017eeme v\u00e1m realizovat va\u0161e n\u00e1pady s preciznost\u00ed a odbornost\u00ed.\u201c<\/p>\t\t\t\t\t\t<\/div>\n\t\t\t\t<\/div>\n\t\t\t\t<div class=\"elementor-element elementor-element-bd2bdf2 elementor-widget elementor-widget-text-editor\" data-id=\"bd2bdf2\" data-element_type=\"widget\" data-widget_type=\"text-editor.default\">\n\t\t\t\t<div class=\"elementor-widget-container\">\n\t\t\t\t\t\t\t<p>V pracovn\u00ed dny: <span style=\"color: var(--palettecolor1, #cb602c);\">(+420) <a href=\"https:\/\/www.google.com\/search?q=truhl%C3%A1%C5%99stv%C3%AD+%C5%A1imota&amp;client=safari&amp;sca_esv=565cf4ca48d1601c&amp;sca_upv=1&amp;sxsrf=ADLYWIJulkV7pTyZm9uJF6RK56nh0ryYkA%3A1724185191736&amp;source=hp&amp;ei=Z_rEZt-2KsqG9u8PltamgAM&amp;iflsig=AL9hbdgAAAAAZsUIdwNqm1nKdVjwlH1yd_vDlO-jS9J7&amp;ved=0ahUKEwifhoOvsoSIAxVKg_0HHRarCTAQ4dUDCBg&amp;uact=5&amp;oq=truhl%C3%A1%C5%99stv%C3%AD+%C5%A1imota&amp;gs_lp=Egdnd3Mtd2l6IhZ0cnVobMOhxZlzdHbDrSDFoWltb3RhMgIQJjIIEAAYgAQYogQyCBAAGIAEGKIEMggQABiiBBiJBTIIEAAYgAQYogQyCBAAGIAEGKIESOsbUABYpxtwAngAkAEAmAFyoAHdDqoBBDkuMTC4AQPIAQD4AQGYAhWgAsQPqAIKwgIKECMYgAQYJxiKBcICChAuGIAEGEMYigXCAggQABiABBixA8ICCxAAGIAEGLEDGIMBwgIREC4YgAQYsQMY0QMYgwEYxwHCAgUQABiABMICBxAjGCcY6gLCAgQQIxgnwgIKEAAYgAQYQxiKBcICEBAAGIAEGLEDGEMYgwEYigXCAg4QLhiABBixAxjRAxjHAcICCBAuGIAEGLEDwgILEC4YgAQYxwEYrwHCAgUQLhiABMICCxAuGIAEGLEDGIMBwgIGEAAYFhgewgIHECEYoAEYCpgDBpIHBDguMTOgB5_JAQ&amp;sclient=gws-wiz#\" data-dtype=\"d3ph\" data-local-attribute=\"d3ph\" data-ved=\"2ahUKEwiDl7WxsoSIAxUeiv0HHZefIr8QkAgoAHoECCQQAg\"><span aria-label=\"Zavolat na \u010d\u00edslo 728 824 012\">728 824 012<\/span><\/a><br \/><\/span>E-mail: <a href=\"mailto:petr-simota@seznam.cz\">petr-simota@seznam.cz<\/a><\/p>\t\t\t\t\t\t<\/div>\n\t\t\t\t<\/div>\n\t\t\t\t\t<\/div>\n\t\t\t\t<\/div>\n\t\t\t\t<\/div>\n\t\t","protected":false},"excerpt":{"rendered":"<p>P\u0159esn\u00e9 CNC fr\u00e9zov\u00e1n\u00ed a vrt\u00e1n\u00ed na m\u00edru P\u0159em\u011b\u0148ujeme va\u0161e n\u00e1vrhy v dokonal\u00e9 d\u0159ev\u011bn\u00e9 komponenty s nejvy\u0161\u0161\u00ed p\u0159esnost\u00ed. Na\u0161e slu\u017eby &#8222;Jsme t\u00fdm odborn\u00edk\u016f s dlouholet\u00fdmi zku\u0161enostmi v oblasti CNC obr\u00e1b\u011bn\u00ed a truhl\u00e1\u0159stv\u00ed. Na\u0161e d\u00edlna je vybavena nejmodern\u011bj\u0161\u00ed technologi\u00ed, kter\u00e1 n\u00e1m umo\u017e\u0148uje realizovat \u0161irokou \u0161k\u00e1lu projekt\u016f \u2013 od jednoduch\u00fdch zak\u00e1zek po slo\u017eit\u00e9 designov\u00e9 v\u00fdzvy. Na\u0161\u00edm c\u00edlem je [&hellip;]<\/p>\n","protected":false},"author":1,"featured_media":0,"parent":0,"menu_order":0,"comment_status":"closed","ping_status":"closed","template":"","meta":{"footnotes":""},"class_list":["post-387","page","type-page","status-publish","hentry"],"blocksy_meta":{"page_title_panel":"","has_hero_section":"disabled","fc334a14bfe55bf7b585e856308a290a":"","hero_section":"type-1","hero_elements":[{"id":"custom_title","enabled":true,"heading_tag":"h1","title":"Home"},{"id":"custom_description","enabled":true,"description_visibility":{"desktop":true,"tablet":true,"mobile":false}},{"id":"custom_meta","enabled":false,"meta_elements":[{"id":"author","enabled":true,"label":"By","has_author_avatar":"yes","avatar_size":25},{"id":"post_date","enabled":true,"label":"On","date_format_source":"default","date_format":"M j, Y"},{"id":"updated_date","enabled":false,"label":"On","date_format_source":"default","date_format":"M j, Y"},{"id":"categories","enabled":false,"label":"In","style":"simple"},{"id":"comments","enabled":true}],"page_meta_elements":{"joined":true,"articles_count":true,"comments":true}},{"id":"breadcrumbs","enabled":false}],"17c06022d6536193aa0003966226b9bc":"","hero_alignment1":"CT_CSS_SKIP_RULE","hero_margin":40,"hero_alignment2":"center","hero_vertical_alignment":"center","98a3a73a74bb83f987a5903730f36829":"","hero_structure":"narrow","b067616189881d732d0bbe741b43aaaf":"","page_title_bg_type":"featured_image","custom_hero_background":{"attachment_id":null},"page_title_image_size":"full","parallax":{"desktop":false,"tablet":false,"mobile":false},"344d922c2a05b40852b892134a29cdb4":"","hero_height":"250px","pageTitleFont":{"family":"Default","variation":"Default","size":"30px","line-height":"CT_CSS_SKIP_RULE","letter-spacing":"CT_CSS_SKIP_RULE","text-transform":"CT_CSS_SKIP_RULE","text-decoration":"CT_CSS_SKIP_RULE"},"pageTitleFontColor":{"default":{"color":"CT_CSS_SKIP_RULEDEFAULT"}},"pageMetaFont":{"family":"Default","variation":"n6","size":"12px","line-height":"1.3","letter-spacing":"CT_CSS_SKIP_RULE","text-transform":"uppercase","text-decoration":"CT_CSS_SKIP_RULE"},"pageMetaFontColor":{"default":{"color":"CT_CSS_SKIP_RULEDEFAULT"},"hover":{"color":"CT_CSS_SKIP_RULEDEFAULT"}},"page_meta_button_type_font_colors":{"default":{"color":"CT_CSS_SKIP_RULEDEFAULT"},"hover":{"color":"CT_CSS_SKIP_RULEDEFAULT"}},"page_meta_button_type_background_colors":{"default":{"color":"CT_CSS_SKIP_RULEDEFAULT"},"hover":{"color":"CT_CSS_SKIP_RULEDEFAULT"}},"pageExcerptFont":{"family":"Default","variation":"Default","size":"CT_CSS_SKIP_RULE","line-height":"CT_CSS_SKIP_RULE","letter-spacing":"CT_CSS_SKIP_RULE","text-transform":"CT_CSS_SKIP_RULE","text-decoration":"CT_CSS_SKIP_RULE"},"pageExcerptColor":{"default":{"color":"CT_CSS_SKIP_RULEDEFAULT"}},"breadcrumbsFont":{"family":"Default","variation":"Default","size":"CT_CSS_SKIP_RULE","line-height":"CT_CSS_SKIP_RULE","letter-spacing":"CT_CSS_SKIP_RULE","text-transform":"CT_CSS_SKIP_RULE","text-decoration":"CT_CSS_SKIP_RULE"},"breadcrumbsFontColor":{"default":{"color":"CT_CSS_SKIP_RULEDEFAULT"},"initial":{"color":"CT_CSS_SKIP_RULEDEFAULT"},"hover":{"color":"CT_CSS_SKIP_RULEDEFAULT"}},"pageTitleOverlay":{"background_type":"color","background_pattern":"type-1","background_image":{"attachment_id":null,"x":0,"y":0},"gradient":"linear-gradient(135deg,rgba(6,147,227,1) 0%,rgb(155,81,224) 100%)","background_repeat":"repeat","background_size":"auto","background_attachment":"scroll","patternColor":{"default":{"color":"#e5e7ea"}},"overlayColor":{"default":{"color":"CT_CSS_SKIP_RULE"}},"backgroundColor":{"default":{"color":"CT_CSS_SKIP_RULE"}}},"pageTitleBackground":{"background_type":"color","background_pattern":"type-1","background_image":{"attachment_id":null,"x":0,"y":0},"gradient":"linear-gradient(135deg,rgba(6,147,227,1) 0%,rgb(155,81,224) 100%)","background_repeat":"repeat","background_size":"auto","background_attachment":"scroll","patternColor":{"default":{"color":"#e5e7ea"}},"overlayColor":{"default":{"color":"CT_CSS_SKIP_RULE"}},"backgroundColor":{"default":{"color":"var(--theme-palette-color-6)"}}},"pageTitlePadding":{"top":"50px","bottom":"50px","left":"auto","right":"auto","linked":true},"3588d06a5d25dd66e16f1ccf343bc91f":"","page_structure_type":"default","bfa72f60b767932bbf83c39c66a54e9c":"","content_style_source":"inherit","content_style":"wide","vertical_spacing_source":"custom","content_area_spacing":"none","background":{"background_type":"color","background_pattern":"type-1","background_image":{"attachment_id":null,"x":0,"y":0},"gradient":"linear-gradient(135deg,rgba(6,147,227,1) 0%,rgb(155,81,224) 100%)","background_repeat":"repeat","background_size":"auto","background_attachment":"scroll","patternColor":{"default":{"color":"#e5e7ea"}},"overlayColor":{"default":{"color":"CT_CSS_SKIP_RULE"}},"backgroundColor":{"default":{"color":"CT_CSS_SKIP_RULE"}}},"content_background":{"background_type":"color","background_pattern":"type-1","background_image":{"attachment_id":null,"x":0,"y":0},"gradient":"linear-gradient(135deg,rgba(6,147,227,1) 0%,rgb(155,81,224) 100%)","background_repeat":"repeat","background_size":"auto","background_attachment":"scroll","patternColor":{"default":{"color":"#e5e7ea"}},"overlayColor":{"default":{"color":"CT_CSS_SKIP_RULE"}},"backgroundColor":{"default":{"color":"var(--theme-palette-color-8)"}}},"content_boxed_shadow":{"inherit":false,"blur":18,"spread":-6,"v_offset":12,"h_offset":0,"inset":false,"enable":true,"color":{"color":"rgba(34, 56, 101, 0.04)"}},"content_boxed_border":{"width":1,"style":"none","color":{"color":"rgba(44,62,80,0.2)"}},"content_boxed_radius":{"top":"3px","bottom":"3px","left":"3px","right":"3px","linked":true},"boxed_content_spacing":{"desktop":{"top":"40px","bottom":"40px","left":"40px","right":"40px","linked":true},"tablet":{"top":"35px","bottom":"35px","left":"35px","right":"35px","linked":true},"mobile":{"top":"20px","bottom":"20px","left":"20px","right":"20px","linked":true}},"b1a355ec0dda91dc63173c9a8721632d":"","disable_featured_image":"no","disable_share_box":"no","disable_header":"no","disable_footer":"no","styles_descriptor":{"styles":{"desktop":"","tablet":"","mobile":""},"google_fonts":[],"version":6}},"_links":{"self":[{"href":"https:\/\/cnc.martinmrazek.com\/index.php?rest_route=\/wp\/v2\/pages\/387","targetHints":{"allow":["GET"]}}],"collection":[{"href":"https:\/\/cnc.martinmrazek.com\/index.php?rest_route=\/wp\/v2\/pages"}],"about":[{"href":"https:\/\/cnc.martinmrazek.com\/index.php?rest_route=\/wp\/v2\/types\/page"}],"author":[{"embeddable":true,"href":"https:\/\/cnc.martinmrazek.com\/index.php?rest_route=\/wp\/v2\/users\/1"}],"replies":[{"embeddable":true,"href":"https:\/\/cnc.martinmrazek.com\/index.php?rest_route=%2Fwp%2Fv2%2Fcomments&post=387"}],"version-history":[{"count":76,"href":"https:\/\/cnc.martinmrazek.com\/index.php?rest_route=\/wp\/v2\/pages\/387\/revisions"}],"predecessor-version":[{"id":904,"href":"https:\/\/cnc.martinmrazek.com\/index.php?rest_route=\/wp\/v2\/pages\/387\/revisions\/904"}],"wp:attachment":[{"href":"https:\/\/cnc.martinmrazek.com\/index.php?rest_route=%2Fwp%2Fv2%2Fmedia&parent=387"}],"curies":[{"name":"wp","href":"https:\/\/api.w.org\/{rel}","templated":true}]}}